{"id":3115,"date":"2025-02-14T14:19:25","date_gmt":"2025-02-14T13:19:25","guid":{"rendered":"https:\/\/uaecroatia.com\/pravni-podaci\/"},"modified":"2025-02-14T14:29:25","modified_gmt":"2025-02-14T13:29:25","slug":"pravni-podaci","status":"publish","type":"page","link":"https:\/\/uaecroatia.com\/hr\/pravni-podaci\/","title":{"rendered":"Pravni podaci"},"content":{"rendered":"\t\t<div data-elementor-type=\"wp-page\" data-elementor-id=\"3115\" class=\"elementor elementor-3115 elementor-3107\" data-elementor-settings=\"{&quot;element_pack_global_tooltip_width&quot;:{&quot;unit&quot;:&quot;px&quot;,&quot;size&quot;:&quot;&quot;,&quot;sizes&quot;:[]},&quot;element_pack_global_tooltip_width_widescreen&quot;:{&quot;unit&quot;:&quot;px&quot;,&quot;size&quot;:&quot;&quot;,&quot;sizes&quot;:[]},&quot;element_pack_global_tooltip_width_tablet&quot;:{&quot;unit&quot;:&quot;px&quot;,&quot;size&quot;:&quot;&quot;,&quot;sizes&quot;:[]},&quot;element_pack_global_tooltip_width_mobile&quot;:{&quot;unit&quot;:&quot;px&quot;,&quot;size&quot;:&quot;&quot;,&quot;sizes&quot;:[]},&quot;element_pack_global_tooltip_padding&quot;:{&quot;unit&quot;:&quot;px&quot;,&quot;top&quot;:&quot;&quot;,&quot;right&quot;:&quot;&quot;,&quot;bottom&quot;:&quot;&quot;,&quot;left&quot;:&quot;&quot;,&quot;isLinked&quot;:true},&quot;element_pack_global_tooltip_padding_widescreen&quot;:{&quot;unit&quot;:&quot;px&quot;,&quot;top&quot;:&quot;&quot;,&quot;right&quot;:&quot;&quot;,&quot;bottom&quot;:&quot;&quot;,&quot;left&quot;:&quot;&quot;,&quot;isLinked&quot;:true},&quot;element_pack_global_tooltip_padding_tablet&quot;:{&quot;unit&quot;:&quot;px&quot;,&quot;top&quot;:&quot;&quot;,&quot;right&quot;:&quot;&quot;,&quot;bottom&quot;:&quot;&quot;,&quot;left&quot;:&quot;&quot;,&quot;isLinked&quot;:true},&quot;element_pack_global_tooltip_padding_mobile&quot;:{&quot;unit&quot;:&quot;px&quot;,&quot;top&quot;:&quot;&quot;,&quot;right&quot;:&quot;&quot;,&quot;bottom&quot;:&quot;&quot;,&quot;left&quot;:&quot;&quot;,&quot;isLinked&quot;:true},&quot;element_pack_global_tooltip_border_radius&quot;:{&quot;unit&quot;:&quot;px&quot;,&quot;top&quot;:&quot;&quot;,&quot;right&quot;:&quot;&quot;,&quot;bottom&quot;:&quot;&quot;,&quot;left&quot;:&quot;&quot;,&quot;isLinked&quot;:true},&quot;element_pack_global_tooltip_border_radius_widescreen&quot;:{&quot;unit&quot;:&quot;px&quot;,&quot;top&quot;:&quot;&quot;,&quot;right&quot;:&quot;&quot;,&quot;bottom&quot;:&quot;&quot;,&quot;left&quot;:&quot;&quot;,&quot;isLinked&quot;:true},&quot;element_pack_global_tooltip_border_radius_tablet&quot;:{&quot;unit&quot;:&quot;px&quot;,&quot;top&quot;:&quot;&quot;,&quot;right&quot;:&quot;&quot;,&quot;bottom&quot;:&quot;&quot;,&quot;left&quot;:&quot;&quot;,&quot;isLinked&quot;:true},&quot;element_pack_global_tooltip_border_radius_mobile&quot;:{&quot;unit&quot;:&quot;px&quot;,&quot;top&quot;:&quot;&quot;,&quot;right&quot;:&quot;&quot;,&quot;bottom&quot;:&quot;&quot;,&quot;left&quot;:&quot;&quot;,&quot;isLinked&quot;:true}}\" data-elementor-post-type=\"page\">\n\t\t\t\t<div class=\"elementor-element elementor-element-954a538 e-flex e-con-boxed e-con e-parent\" data-id=\"954a538\" data-element_type=\"container\" data-e-type=\"container\" data-settings=\"{&quot;ekit_has_onepagescroll_dot&quot;:&quot;yes&quot;}\">\n\t\t\t\t\t<div class=\"e-con-inner\">\n\t\t<div class=\"elementor-element elementor-element-afc0ce9 e-con-full blog_text e-flex e-con e-child\" data-id=\"afc0ce9\" data-element_type=\"container\" data-e-type=\"container\" data-settings=\"{&quot;ekit_has_onepagescroll_dot&quot;:&quot;yes&quot;}\">\n\t\t\t\t<div class=\"elementor-element elementor-element-46eabd2 elementor-widget elementor-widget-heading\" data-id=\"46eabd2\" data-element_type=\"widget\" data-e-type=\"widget\" data-settings=\"{&quot;ekit_we_effect_on&quot;:&quot;none&quot;}\" data-widget_type=\"heading.default\">\n\t\t\t\t<div class=\"elementor-widget-container\">\n\t\t\t\t\t<h3 class=\"elementor-heading-title elementor-size-default\">Osnovne informacije<\/h3>\t\t\t\t<\/div>\n\t\t\t\t<\/div>\n\t\t\t\t<div class=\"elementor-element elementor-element-9c7fe14 elementor-widget elementor-widget-text-editor\" data-id=\"9c7fe14\" data-element_type=\"widget\" data-e-type=\"widget\" data-settings=\"{&quot;ekit_we_effect_on&quot;:&quot;none&quot;}\" data-widget_type=\"text-editor.default\">\n\t\t\t\t<div class=\"elementor-widget-container\">\n\t\t\t\t\t\t\t\t\t<p class=\"font-normal text-base leading-normal xl:text-lg 3xl:text-xl 5xl:text-2xl\">UAE &#8211; Hrvatska Poslovni Klub<\/p><p>Sjedi\u0161te: Ulica Antuna Nem\u010di\u0107a 7, 10000 Zagreb, Hrvatska<\/p>\t\t\t\t\t\t\t\t<\/div>\n\t\t\t\t<\/div>\n\t\t\t\t<div class=\"elementor-element elementor-element-15b345e elementor-widget elementor-widget-heading\" data-id=\"15b345e\" data-element_type=\"widget\" data-e-type=\"widget\" data-settings=\"{&quot;ekit_we_effect_on&quot;:&quot;none&quot;}\" data-widget_type=\"heading.default\">\n\t\t\t\t<div class=\"elementor-widget-container\">\n\t\t\t\t\t<h3 class=\"elementor-heading-title elementor-size-default\">Pravne informacije<\/h3>\t\t\t\t<\/div>\n\t\t\t\t<\/div>\n\t\t\t\t<div class=\"elementor-element elementor-element-50bc944 elementor-widget elementor-widget-text-editor\" data-id=\"50bc944\" data-element_type=\"widget\" data-e-type=\"widget\" data-settings=\"{&quot;ekit_we_effect_on&quot;:&quot;none&quot;}\" data-widget_type=\"text-editor.default\">\n\t\t\t\t<div class=\"elementor-widget-container\">\n\t\t\t\t\t\t\t\t\t<p>OIB: 40281621063<\/p><p>MBS: 21015211<\/p><p>Privredna banka Zagreb d.d., Radni\u010dka cesta 50, 10000 Zagreb, Hrvatska<br>SWIFT: PBZGHR2X<br>IBAN: HR6424840081135073603<\/p>\t\t\t\t\t\t\t\t<\/div>\n\t\t\t\t<\/div>\n\t\t\t\t<div class=\"elementor-element elementor-element-bd40f24 elementor-widget elementor-widget-heading\" data-id=\"bd40f24\" data-element_type=\"widget\" data-e-type=\"widget\" data-settings=\"{&quot;ekit_we_effect_on&quot;:&quot;none&quot;}\" data-widget_type=\"heading.default\">\n\t\t\t\t<div class=\"elementor-widget-container\">\n\t\t\t\t\t<h3 class=\"elementor-heading-title elementor-size-default\">Politika privatnosti<\/h3>\t\t\t\t<\/div>\n\t\t\t\t<\/div>\n\t\t\t\t<div class=\"elementor-element elementor-element-a02635a elementor-widget elementor-widget-text-editor\" data-id=\"a02635a\" data-element_type=\"widget\" data-e-type=\"widget\" data-settings=\"{&quot;ekit_we_effect_on&quot;:&quot;none&quot;}\" data-widget_type=\"text-editor.default\">\n\t\t\t\t<div class=\"elementor-widget-container\">\n\t\t\t\t\t\t\t\t\tZa vi\u0161e informacija, pro\u010ditajte na\u0161u <a class=\"font-medium\" href=\"https:\/\/uaecroatia.com\/hr\/politika-privatnosti\/\">politiku privatnosti<\/a>.\t\t\t\t\t\t\t\t<\/div>\n\t\t\t\t<\/div>\n\t\t\t\t<div class=\"elementor-element elementor-element-f998d01 elementor-widget elementor-widget-heading\" data-id=\"f998d01\" data-element_type=\"widget\" data-e-type=\"widget\" data-settings=\"{&quot;ekit_we_effect_on&quot;:&quot;none&quot;}\" data-widget_type=\"heading.default\">\n\t\t\t\t<div class=\"elementor-widget-container\">\n\t\t\t\t\t<h3 class=\"elementor-heading-title elementor-size-default\">Uvjeti i odredbe<\/h3>\t\t\t\t<\/div>\n\t\t\t\t<\/div>\n\t\t\t\t<div class=\"elementor-element elementor-element-1e86bf5 elementor-widget elementor-widget-text-editor\" data-id=\"1e86bf5\" data-element_type=\"widget\" data-e-type=\"widget\" data-settings=\"{&quot;ekit_we_effect_on&quot;:&quot;none&quot;}\" data-widget_type=\"text-editor.default\">\n\t\t\t\t<div class=\"elementor-widget-container\">\n\t\t\t\t\t\t\t\t\t<p>Za vi\u0161e informacija, pro\u010ditajte na\u0161e <a class=\"font-medium\" href=\"https:\/\/uaecroatia.com\/hr\/uvjeti-i-odredbe\/\">uvjete i odredbe<\/a>.<\/p>\t\t\t\t\t\t\t\t<\/div>\n\t\t\t\t<\/div>\n\t\t\t\t<\/div>\n\t\t\t\t\t<\/div>\n\t\t\t\t<\/div>\n\t\t\t\t<\/div>\n\t\t","protected":false},"excerpt":{"rendered":"<p>Osnovne informacije UAE &#8211; Hrvatska Poslovni Klub Sjedi\u0161te: Ulica Antuna Nem\u010di\u0107a 7, 10000 Zagreb, Hrvatska Pravne informacije OIB: 40281621063 MBS: 21015211 Privredna banka Zagreb d.d., Radni\u010dka cesta 50, 10000 Zagreb, HrvatskaSWIFT: PBZGHR2XIBAN: HR6424840081135073603 Politika privatnosti Za vi\u0161e informacija, pro\u010ditajte na\u0161u politiku privatnosti. Uvjeti i odredbe Za vi\u0161e informacija, pro\u010ditajte na\u0161e uvjete i odredbe.<\/p>\n","protected":false},"author":1,"featured_media":0,"parent":0,"menu_order":0,"comment_status":"closed","ping_status":"closed","template":"elementor_header_footer","meta":{"_acf_changed":false,"footnotes":""},"class_list":["post-3115","page","type-page","status-publish"],"acf":[],"yoast_head":"<!-- This site is optimized with the Yoast SEO Premium plugin v27.0 (Yoast SEO v27.1) - https:\/\/yoast.com\/product\/yoast-seo-premium-wordpress\/ -->\n<title>Pravni podaci - UAE-Croatia Business Club<\/title>\n<meta name=\"robots\" content=\"index, follow, max-snippet:-1, max-image-preview:large, max-video-preview:-1\" \/>\n<link rel=\"canonical\" href=\"https:\/\/uaecroatia.com\/hr\/pravni-podaci\/\" \/>\n<meta property=\"og:locale\" content=\"hr_HR\" \/>\n<meta property=\"og:type\" content=\"article\" \/>\n<meta property=\"og:title\" content=\"Pravni podaci\" \/>\n<meta property=\"og:description\" content=\"Osnovne informacije UAE &#8211; Hrvatska Poslovni Klub Sjedi\u0161te: Ulica Antuna Nem\u010di\u0107a 7, 10000 Zagreb, Hrvatska Pravne informacije OIB: 40281621063 MBS: 21015211 Privredna banka Zagreb d.d., Radni\u010dka cesta 50, 10000 Zagreb, HrvatskaSWIFT: PBZGHR2XIBAN: HR6424840081135073603 Politika privatnosti Za vi\u0161e informacija, pro\u010ditajte na\u0161u politiku privatnosti. Uvjeti i odredbe Za vi\u0161e informacija, pro\u010ditajte na\u0161e uvjete i odredbe.\" \/>\n<meta property=\"og:url\" content=\"https:\/\/uaecroatia.com\/hr\/pravni-podaci\/\" \/>\n<meta property=\"og:site_name\" content=\"UAE-Croatia Business Club\" \/>\n<meta property=\"article:modified_time\" content=\"2025-02-14T13:29:25+00:00\" \/>\n<meta property=\"og:image\" content=\"https:\/\/uaecroatia.com\/wp-content\/uploads\/2025\/01\/cover.webp\" \/>\n\t<meta property=\"og:image:width\" content=\"1500\" \/>\n\t<meta property=\"og:image:height\" content=\"1500\" \/>\n\t<meta property=\"og:image:type\" content=\"image\/webp\" \/>\n<meta name=\"twitter:card\" content=\"summary_large_image\" \/>\n<script type=\"application\/ld+json\" class=\"yoast-schema-graph\">{\"@context\":\"https:\/\/schema.org\",\"@graph\":[{\"@type\":\"WebPage\",\"@id\":\"https:\/\/uaecroatia.com\/hr\/pravni-podaci\/\",\"url\":\"https:\/\/uaecroatia.com\/hr\/pravni-podaci\/\",\"name\":\"Pravni podaci - UAE-Croatia Business Club\",\"isPartOf\":{\"@id\":\"https:\/\/uaecroatia.com\/#website\"},\"datePublished\":\"2025-02-14T13:19:25+00:00\",\"dateModified\":\"2025-02-14T13:29:25+00:00\",\"breadcrumb\":{\"@id\":\"https:\/\/uaecroatia.com\/hr\/pravni-podaci\/#breadcrumb\"},\"inLanguage\":\"hr\",\"potentialAction\":[{\"@type\":\"ReadAction\",\"target\":[\"https:\/\/uaecroatia.com\/hr\/pravni-podaci\/\"]}]},{\"@type\":\"BreadcrumbList\",\"@id\":\"https:\/\/uaecroatia.com\/hr\/pravni-podaci\/#breadcrumb\",\"itemListElement\":[{\"@type\":\"ListItem\",\"position\":1,\"name\":\"Home\",\"item\":\"https:\/\/uaecroatia.com\/\"},{\"@type\":\"ListItem\",\"position\":2,\"name\":\"Pravni podaci\"}]},{\"@type\":\"WebSite\",\"@id\":\"https:\/\/uaecroatia.com\/#website\",\"url\":\"https:\/\/uaecroatia.com\/\",\"name\":\"UAE-Croatia Business Club\",\"description\":\"A Partnership for Prosperity\",\"publisher\":{\"@id\":\"https:\/\/uaecroatia.com\/#organization\"},\"potentialAction\":[{\"@type\":\"SearchAction\",\"target\":{\"@type\":\"EntryPoint\",\"urlTemplate\":\"https:\/\/uaecroatia.com\/?s={search_term_string}\"},\"query-input\":{\"@type\":\"PropertyValueSpecification\",\"valueRequired\":true,\"valueName\":\"search_term_string\"}}],\"inLanguage\":\"hr\"},{\"@type\":\"Organization\",\"@id\":\"https:\/\/uaecroatia.com\/#organization\",\"name\":\"UAE-Croatia Business Club\",\"url\":\"https:\/\/uaecroatia.com\/\",\"logo\":{\"@type\":\"ImageObject\",\"inLanguage\":\"hr\",\"@id\":\"https:\/\/uaecroatia.com\/#\/schema\/logo\/image\/\",\"url\":\"https:\/\/uaecroatia.com\/wp-content\/uploads\/2025\/01\/uaecroatia_logo.svg\",\"contentUrl\":\"https:\/\/uaecroatia.com\/wp-content\/uploads\/2025\/01\/uaecroatia_logo.svg\",\"width\":288,\"height\":57,\"caption\":\"UAE-Croatia Business Club\"},\"image\":{\"@id\":\"https:\/\/uaecroatia.com\/#\/schema\/logo\/image\/\"},\"sameAs\":[\"https:\/\/www.linkedin.com\/company\/uae-croatia-business-club\"],\"description\":\"The UAE-Croatia Business Club is a non-profit organization fostering mutual growth and collaboration, operating under the framework of the Croatian Ministry of Justice and Public Administration.\",\"email\":\"info@uaecroatia.com\",\"telephone\":\"+385 98 468 080\",\"legalName\":\"UAE-Croatia Business Club\",\"numberOfEmployees\":{\"@type\":\"QuantitativeValue\",\"minValue\":\"1\",\"maxValue\":\"10\"}}]}<\/script>\n<!-- \/ Yoast SEO Premium plugin. -->","yoast_head_json":{"title":"Pravni podaci - UAE-Croatia Business Club","robots":{"index":"index","follow":"follow","max-snippet":"max-snippet:-1","max-image-preview":"max-image-preview:large","max-video-preview":"max-video-preview:-1"},"canonical":"https:\/\/uaecroatia.com\/hr\/pravni-podaci\/","og_locale":"hr_HR","og_type":"article","og_title":"Pravni podaci","og_description":"Osnovne informacije UAE &#8211; Hrvatska Poslovni Klub Sjedi\u0161te: Ulica Antuna Nem\u010di\u0107a 7, 10000 Zagreb, Hrvatska Pravne informacije OIB: 40281621063 MBS: 21015211 Privredna banka Zagreb d.d., Radni\u010dka cesta 50, 10000 Zagreb, HrvatskaSWIFT: PBZGHR2XIBAN: HR6424840081135073603 Politika privatnosti Za vi\u0161e informacija, pro\u010ditajte na\u0161u politiku privatnosti. Uvjeti i odredbe Za vi\u0161e informacija, pro\u010ditajte na\u0161e uvjete i odredbe.","og_url":"https:\/\/uaecroatia.com\/hr\/pravni-podaci\/","og_site_name":"UAE-Croatia Business Club","article_modified_time":"2025-02-14T13:29:25+00:00","og_image":[{"width":1500,"height":1500,"url":"https:\/\/uaecroatia.com\/wp-content\/uploads\/2025\/01\/cover.webp","type":"image\/webp"}],"twitter_card":"summary_large_image","schema":{"@context":"https:\/\/schema.org","@graph":[{"@type":"WebPage","@id":"https:\/\/uaecroatia.com\/hr\/pravni-podaci\/","url":"https:\/\/uaecroatia.com\/hr\/pravni-podaci\/","name":"Pravni podaci - UAE-Croatia Business Club","isPartOf":{"@id":"https:\/\/uaecroatia.com\/#website"},"datePublished":"2025-02-14T13:19:25+00:00","dateModified":"2025-02-14T13:29:25+00:00","breadcrumb":{"@id":"https:\/\/uaecroatia.com\/hr\/pravni-podaci\/#breadcrumb"},"inLanguage":"hr","potentialAction":[{"@type":"ReadAction","target":["https:\/\/uaecroatia.com\/hr\/pravni-podaci\/"]}]},{"@type":"BreadcrumbList","@id":"https:\/\/uaecroatia.com\/hr\/pravni-podaci\/#breadcrumb","itemListElement":[{"@type":"ListItem","position":1,"name":"Home","item":"https:\/\/uaecroatia.com\/"},{"@type":"ListItem","position":2,"name":"Pravni podaci"}]},{"@type":"WebSite","@id":"https:\/\/uaecroatia.com\/#website","url":"https:\/\/uaecroatia.com\/","name":"UAE-Croatia Business Club","description":"A Partnership for Prosperity","publisher":{"@id":"https:\/\/uaecroatia.com\/#organization"},"potentialAction":[{"@type":"SearchAction","target":{"@type":"EntryPoint","urlTemplate":"https:\/\/uaecroatia.com\/?s={search_term_string}"},"query-input":{"@type":"PropertyValueSpecification","valueRequired":true,"valueName":"search_term_string"}}],"inLanguage":"hr"},{"@type":"Organization","@id":"https:\/\/uaecroatia.com\/#organization","name":"UAE-Croatia Business Club","url":"https:\/\/uaecroatia.com\/","logo":{"@type":"ImageObject","inLanguage":"hr","@id":"https:\/\/uaecroatia.com\/#\/schema\/logo\/image\/","url":"https:\/\/uaecroatia.com\/wp-content\/uploads\/2025\/01\/uaecroatia_logo.svg","contentUrl":"https:\/\/uaecroatia.com\/wp-content\/uploads\/2025\/01\/uaecroatia_logo.svg","width":288,"height":57,"caption":"UAE-Croatia Business Club"},"image":{"@id":"https:\/\/uaecroatia.com\/#\/schema\/logo\/image\/"},"sameAs":["https:\/\/www.linkedin.com\/company\/uae-croatia-business-club"],"description":"The UAE-Croatia Business Club is a non-profit organization fostering mutual growth and collaboration, operating under the framework of the Croatian Ministry of Justice and Public Administration.","email":"info@uaecroatia.com","telephone":"+385 98 468 080","legalName":"UAE-Croatia Business Club","numberOfEmployees":{"@type":"QuantitativeValue","minValue":"1","maxValue":"10"}}]}},"_links":{"self":[{"href":"https:\/\/uaecroatia.com\/hr\/wp-json\/wp\/v2\/pages\/3115","targetHints":{"allow":["GET"]}}],"collection":[{"href":"https:\/\/uaecroatia.com\/hr\/wp-json\/wp\/v2\/pages"}],"about":[{"href":"https:\/\/uaecroatia.com\/hr\/wp-json\/wp\/v2\/types\/page"}],"author":[{"embeddable":true,"href":"https:\/\/uaecroatia.com\/hr\/wp-json\/wp\/v2\/users\/1"}],"replies":[{"embeddable":true,"href":"https:\/\/uaecroatia.com\/hr\/wp-json\/wp\/v2\/comments?post=3115"}],"version-history":[{"count":1,"href":"https:\/\/uaecroatia.com\/hr\/wp-json\/wp\/v2\/pages\/3115\/revisions"}],"predecessor-version":[{"id":3116,"href":"https:\/\/uaecroatia.com\/hr\/wp-json\/wp\/v2\/pages\/3115\/revisions\/3116"}],"wp:attachment":[{"href":"https:\/\/uaecroatia.com\/hr\/wp-json\/wp\/v2\/media?parent=3115"}],"curies":[{"name":"wp","href":"https:\/\/api.w.org\/{rel}","templated":true}]}}